{"id":2847,"date":"2022-04-06T16:55:31","date_gmt":"2022-04-06T14:55:31","guid":{"rendered":"https:\/\/www.wobcom.de\/geschaeftskunden\/?page_id=2847"},"modified":"2022-05-10T15:11:07","modified_gmt":"2022-05-10T13:11:07","slug":"verbaende-und-engagement","status":"publish","type":"page","link":"https:\/\/www.wobcom.de\/geschaeftskunden\/service-news\/verbaende-und-engagement\/","title":{"rendered":"Verb\u00e4nde &amp; Engagement"},"content":{"rendered":"\t\t<div data-elementor-type=\"wp-page\" data-elementor-id=\"2847\" class=\"elementor elementor-2847\" data-elementor-post-type=\"page\">\n\t\t\t\t\t\t<section class=\"elementor-section elementor-top-section elementor-element elementor-element-f661937 elementor-section-boxed elementor-section-height-default elementor-section-height-default\" data-id=\"f661937\" data-element_type=\"section\" data-e-type=\"section\">\n\t\t\t\t\t\t<div class=\"elementor-container elementor-column-gap-default\">\n\t\t\t\t\t<div class=\"elementor-column elementor-col-100 elementor-top-column elementor-element elementor-element-2019fff\" data-id=\"2019fff\" data-element_type=\"column\" data-e-type=\"column\">\n\t\t\t<div class=\"elementor-widget-wrap elementor-element-populated\">\n\t\t\t\t\t\t<div class=\"elementor-element elementor-element-1257618 elementor-widget elementor-widget-heading\" data-id=\"1257618\" data-element_type=\"widget\" data-e-type=\"widget\" data-widget_type=\"heading.default\">\n\t\t\t\t<div class=\"elementor-widget-container\">\n\t\t\t\t\t<h2 class=\"elementor-heading-title elementor-size-default\">Verb\u00e4nde und Engagement<\/h2>\t\t\t\t<\/div>\n\t\t\t\t<\/div>\n\t\t\t\t\t<\/div>\n\t\t<\/div>\n\t\t\t\t\t<\/div>\n\t\t<\/section>\n\t\t\t\t<section class=\"elementor-section elementor-top-section elementor-element elementor-element-b287646 elementor-section-boxed elementor-section-height-default elementor-section-height-default\" data-id=\"b287646\" data-element_type=\"section\" data-e-type=\"section\">\n\t\t\t\t\t\t<div class=\"elementor-container elementor-column-gap-default\">\n\t\t\t\t\t<div class=\"elementor-column elementor-col-100 elementor-top-column elementor-element elementor-element-72d23aa\" data-id=\"72d23aa\" data-element_type=\"column\" data-e-type=\"column\">\n\t\t\t<div class=\"elementor-widget-wrap elementor-element-populated\">\n\t\t\t\t\t\t<section class=\"elementor-section elementor-inner-section elementor-element elementor-element-53d60f2 elementor-section-boxed elementor-section-height-default elementor-section-height-default\" data-id=\"53d60f2\" data-element_type=\"section\" data-e-type=\"section\">\n\t\t\t\t\t\t<div class=\"elementor-container elementor-column-gap-default\">\n\t\t\t\t\t<div class=\"elementor-column elementor-col-50 elementor-inner-column elementor-element elementor-element-effaef9\" data-id=\"effaef9\" data-element_type=\"column\" data-e-type=\"column\">\n\t\t\t<div class=\"elementor-widget-wrap elementor-element-populated\">\n\t\t\t\t\t\t<div class=\"elementor-element elementor-element-720d4b9 elementor-widget elementor-widget-image\" data-id=\"720d4b9\" data-element_type=\"widget\" data-e-type=\"widget\" data-widget_type=\"image.default\">\n\t\t\t\t<div class=\"elementor-widget-container\">\n\t\t\t\t\t\t\t\t\t\t\t\t\t\t\t<img src=\"https:\/\/www.wobcom.de\/geschaeftskunden\/wp-content\/uploads\/sites\/2\/elementor\/thumbs\/Eco-Verband-pmyz8hrmuvsz7adkuvg0rvypfio51qgl6pwi47ndqc.jpg\" title=\"Eco-Verband\" alt=\"Eco-Verband\" loading=\"lazy\" \/>\t\t\t\t\t\t\t\t\t\t\t\t\t\t\t<\/div>\n\t\t\t\t<\/div>\n\t\t\t\t\t<\/div>\n\t\t<\/div>\n\t\t\t\t<div class=\"elementor-column elementor-col-50 elementor-inner-column elementor-element elementor-element-494cfde\" data-id=\"494cfde\" data-element_type=\"column\" data-e-type=\"column\">\n\t\t\t<div class=\"elementor-widget-wrap elementor-element-populated\">\n\t\t\t\t\t\t<div class=\"elementor-element elementor-element-797ee11 elementor-widget elementor-widget-text-editor\" data-id=\"797ee11\" data-element_type=\"widget\" data-e-type=\"widget\" data-widget_type=\"text-editor.default\">\n\t\t\t\t<div class=\"elementor-widget-container\">\n\t\t\t\t\t\t\t\t\t<p style=\"font-size: 20px;font-family: var(--e-global-typography-b3eee5e-font-family),'Source Sans Pro',sans-serif\">Die WOBCOM ist Mitglied im <strong>eco-Verband der Internetwirtschaft e.V. und EUROCloud<\/strong>.\u00a0<\/p><p style=\"font-size: 20px;font-family: var(--e-global-typography-b3eee5e-font-family),'Source Sans Pro',sans-serif\">Der eco-Verband wurde 1995 gegr\u00fcndet. Seitdem hat er sich zum gr\u00f6\u00dften Verband der Internetwirtschaft in Europa mit \u00fcber 1.000 Mitgliedsunternehmen etabliert.<\/p><p style=\"font-size: 20px;font-family: var(--e-global-typography-b3eee5e-font-family),'Source Sans Pro',sans-serif\">Der Verband beteiligt sich ma\u00dfgeblich an der Entwicklung des Internets in Deutschland. Er gestaltet und f\u00f6rdert neue Technologien, Infrastrukturen und M\u00e4rkte und setzt Ma\u00dfst\u00e4be durch Rahmenbedingungen innerhalb des Netzes.<\/p>\t\t\t\t\t\t\t\t<\/div>\n\t\t\t\t<\/div>\n\t\t\t\t\t<\/div>\n\t\t<\/div>\n\t\t\t\t\t<\/div>\n\t\t<\/section>\n\t\t\t\t\t<\/div>\n\t\t<\/div>\n\t\t\t\t\t<\/div>\n\t\t<\/section>\n\t\t\t\t<section class=\"elementor-section elementor-top-section elementor-element elementor-element-5bcc8c3 elementor-section-boxed elementor-section-height-default elementor-section-height-default\" data-id=\"5bcc8c3\" data-element_type=\"section\" data-e-type=\"section\">\n\t\t\t\t\t\t<div class=\"elementor-container elementor-column-gap-default\">\n\t\t\t\t\t<div class=\"elementor-column elementor-col-100 elementor-top-column elementor-element elementor-element-67bdbc5\" data-id=\"67bdbc5\" data-element_type=\"column\" data-e-type=\"column\">\n\t\t\t<div class=\"elementor-widget-wrap elementor-element-populated\">\n\t\t\t\t\t\t<section class=\"elementor-section elementor-inner-section elementor-element elementor-element-67659ab elementor-section-boxed elementor-section-height-default elementor-section-height-default\" data-id=\"67659ab\" data-element_type=\"section\" data-e-type=\"section\">\n\t\t\t\t\t\t<div class=\"elementor-container elementor-column-gap-default\">\n\t\t\t\t\t<div class=\"elementor-column elementor-col-50 elementor-inner-column elementor-element elementor-element-c17b138\" data-id=\"c17b138\" data-element_type=\"column\" data-e-type=\"column\">\n\t\t\t<div class=\"elementor-widget-wrap elementor-element-populated\">\n\t\t\t\t\t\t<div class=\"elementor-element elementor-element-21fcbb0 elementor-widget elementor-widget-image\" data-id=\"21fcbb0\" data-element_type=\"widget\" data-e-type=\"widget\" data-widget_type=\"image.default\">\n\t\t\t\t<div class=\"elementor-widget-container\">\n\t\t\t\t\t\t\t\t\t\t\t\t\t\t\t<img src=\"https:\/\/www.wobcom.de\/geschaeftskunden\/wp-content\/uploads\/sites\/2\/elementor\/thumbs\/denog_logo_foedermitglied_20190317-pmyfcnsfh8j9ri2awkmuue8m1l998d0jptcnhfd9dw.png\" title=\"denog_logo_foedermitglied_20190317\" alt=\"denog_logo_foedermitglied_20190317\" loading=\"lazy\" \/>\t\t\t\t\t\t\t\t\t\t\t\t\t\t\t<\/div>\n\t\t\t\t<\/div>\n\t\t\t\t\t<\/div>\n\t\t<\/div>\n\t\t\t\t<div class=\"elementor-column elementor-col-50 elementor-inner-column elementor-element elementor-element-db4aea7\" data-id=\"db4aea7\" data-element_type=\"column\" data-e-type=\"column\">\n\t\t\t<div class=\"elementor-widget-wrap elementor-element-populated\">\n\t\t\t\t\t\t<div class=\"elementor-element elementor-element-3ec9a78 elementor-widget elementor-widget-text-editor\" data-id=\"3ec9a78\" data-element_type=\"widget\" data-e-type=\"widget\" data-widget_type=\"text-editor.default\">\n\t\t\t\t<div class=\"elementor-widget-container\">\n\t\t\t\t\t\t\t\t\t<p>Die WOBCOM ist F\u00f6rdermitglied des <strong>DENOG e.V.\u00a0<\/strong><\/p><p>DENOG e.V. wurde 2017 gegr\u00fcndet. Der Verein erm\u00f6glicht und f\u00f6rdert den Austausch von Entwickler*innen, Expert*innen und Fachleuten rund um das Internet in Deutschland. Innerhalb dieser Community werden Fachthemen diskutiert und gemeinsame L\u00f6sungsans\u00e4tze gesucht.<\/p>\t\t\t\t\t\t\t\t<\/div>\n\t\t\t\t<\/div>\n\t\t\t\t\t<\/div>\n\t\t<\/div>\n\t\t\t\t\t<\/div>\n\t\t<\/section>\n\t\t\t\t\t<\/div>\n\t\t<\/div>\n\t\t\t\t\t<\/div>\n\t\t<\/section>\n\t\t\t\t<section class=\"elementor-section elementor-top-section elementor-element elementor-element-c5362f5 elementor-section-boxed elementor-section-height-default elementor-section-height-default\" data-id=\"c5362f5\" data-element_type=\"section\" data-e-type=\"section\">\n\t\t\t\t\t\t<div class=\"elementor-container elementor-column-gap-default\">\n\t\t\t\t\t<div class=\"elementor-column elementor-col-100 elementor-top-column elementor-element elementor-element-38b7519\" data-id=\"38b7519\" data-element_type=\"column\" data-e-type=\"column\">\n\t\t\t<div class=\"elementor-widget-wrap elementor-element-populated\">\n\t\t\t\t\t\t<section class=\"elementor-section elementor-inner-section elementor-element elementor-element-436e257 elementor-section-boxed elementor-section-height-default elementor-section-height-default\" data-id=\"436e257\" data-element_type=\"section\" data-e-type=\"section\">\n\t\t\t\t\t\t<div class=\"elementor-container elementor-column-gap-default\">\n\t\t\t\t\t<div class=\"elementor-column elementor-col-50 elementor-inner-column elementor-element elementor-element-2c7604a\" data-id=\"2c7604a\" data-element_type=\"column\" data-e-type=\"column\">\n\t\t\t<div class=\"elementor-widget-wrap elementor-element-populated\">\n\t\t\t\t\t\t<div class=\"elementor-element elementor-element-d8716b6 elementor-widget elementor-widget-image\" data-id=\"d8716b6\" data-element_type=\"widget\" data-e-type=\"widget\" data-widget_type=\"image.default\">\n\t\t\t\t<div class=\"elementor-widget-container\">\n\t\t\t\t\t\t\t\t\t\t\t\t\t\t\t<img src=\"https:\/\/www.wobcom.de\/geschaeftskunden\/wp-content\/uploads\/sites\/2\/elementor\/thumbs\/BCIX-pom12d7m4k30fed68gd8jpl00z04qd440k9p4me18k.png\" title=\"BCIX\" alt=\"BCIX\" loading=\"lazy\" \/>\t\t\t\t\t\t\t\t\t\t\t\t\t\t\t<\/div>\n\t\t\t\t<\/div>\n\t\t\t\t\t<\/div>\n\t\t<\/div>\n\t\t\t\t<div class=\"elementor-column elementor-col-50 elementor-inner-column elementor-element elementor-element-7a25351\" data-id=\"7a25351\" data-element_type=\"column\" data-e-type=\"column\">\n\t\t\t<div class=\"elementor-widget-wrap elementor-element-populated\">\n\t\t\t\t\t\t<div class=\"elementor-element elementor-element-7a1be5b elementor-widget elementor-widget-text-editor\" data-id=\"7a1be5b\" data-element_type=\"widget\" data-e-type=\"widget\" data-widget_type=\"text-editor.default\">\n\t\t\t\t<div class=\"elementor-widget-container\">\n\t\t\t\t\t\t\t\t\t<p>Gegr\u00fcndet 2002, ist der <strong>BCIX<\/strong> einer der gr\u00f6\u00dften Internet Exchange Points in Deutschland. Mit dem Peering in Berlin erzielt die WOBCOM seit 2019 optimale Konnektivit\u00e4t.<\/p>\t\t\t\t\t\t\t\t<\/div>\n\t\t\t\t<\/div>\n\t\t\t\t\t<\/div>\n\t\t<\/div>\n\t\t\t\t\t<\/div>\n\t\t<\/section>\n\t\t\t\t\t<\/div>\n\t\t<\/div>\n\t\t\t\t\t<\/div>\n\t\t<\/section>\n\t\t\t\t<\/div>\n\t\t","protected":false},"excerpt":{"rendered":"<p>Verb\u00e4nde und Engagement Die WOBCOM ist Mitglied im eco-Verband der Internetwirtschaft e.V. und EUROCloud.\u00a0 Der eco-Verband wurde 1995 gegr\u00fcndet. Seitdem hat er sich zum gr\u00f6\u00dften Verband der Internetwirtschaft in Europa mit \u00fcber 1.000 Mitgliedsunternehmen etabliert. Der Verband beteiligt sich ma\u00dfgeblich an der Entwicklung des Internets in Deutschland. Er gestaltet und f\u00f6rdert neue Technologien, Infrastrukturen und&hellip;<\/p>\n","protected":false},"author":10,"featured_media":0,"parent":36,"menu_order":0,"comment_status":"closed","ping_status":"closed","template":"","meta":{"_relevanssi_hide_post":"","_relevanssi_hide_content":"","_relevanssi_pin_for_all":"","_relevanssi_pin_keywords":"","_relevanssi_unpin_keywords":"","_relevanssi_related_keywords":"","_relevanssi_related_include_ids":"","_relevanssi_related_exclude_ids":"","_relevanssi_related_no_append":"","_relevanssi_related_not_related":"","_relevanssi_related_posts":"","_relevanssi_noindex_reason":"","footnotes":""},"class_list":["post-2847","page","type-page","status-publish","hentry"],"yoast_head":"<!-- This site is optimized with the Yoast SEO plugin v27.4 - https:\/\/yoast.com\/product\/yoast-seo-wordpress\/ -->\n<title>Verb\u00e4nde &amp; Engagement - WOBCOM Gesch\u00e4ftskunden<\/title>\n<meta name=\"robots\" content=\"index, follow, max-snippet:-1, max-image-preview:large, max-video-preview:-1\" \/>\n<link rel=\"canonical\" href=\"https:\/\/www.wobcom.de\/geschaeftskunden\/service-news\/verbaende-und-engagement\/\" \/>\n<meta property=\"og:locale\" content=\"de_DE\" \/>\n<meta property=\"og:type\" content=\"article\" \/>\n<meta property=\"og:title\" content=\"Verb\u00e4nde &amp; Engagement - WOBCOM Gesch\u00e4ftskunden\" \/>\n<meta property=\"og:description\" content=\"Verb\u00e4nde und Engagement Die WOBCOM ist Mitglied im eco-Verband der Internetwirtschaft e.V. und EUROCloud.\u00a0 Der eco-Verband wurde 1995 gegr\u00fcndet. Seitdem hat er sich zum gr\u00f6\u00dften Verband der Internetwirtschaft in Europa mit \u00fcber 1.000 Mitgliedsunternehmen etabliert. Der Verband beteiligt sich ma\u00dfgeblich an der Entwicklung des Internets in Deutschland. Er gestaltet und f\u00f6rdert neue Technologien, Infrastrukturen und&hellip;\" \/>\n<meta property=\"og:url\" content=\"https:\/\/www.wobcom.de\/geschaeftskunden\/service-news\/verbaende-und-engagement\/\" \/>\n<meta property=\"og:site_name\" content=\"WOBCOM Gesch\u00e4ftskunden\" \/>\n<meta property=\"article:modified_time\" content=\"2022-05-10T13:11:07+00:00\" \/>\n<meta property=\"og:image\" content=\"https:\/\/www.wobcom.de\/geschaeftskunden\/wp-content\/uploads\/sites\/2\/elementor\/thumbs\/Eco-Verband-pmyz8hrmuvsz7adkuvg0rvypfio51qgl6pwi47ndqc.jpg\" \/>\n<meta name=\"twitter:card\" content=\"summary_large_image\" \/>\n<meta name=\"twitter:label1\" content=\"Gesch\u00e4tzte Lesezeit\" \/>\n\t<meta name=\"twitter:data1\" content=\"2\u00a0Minuten\" \/>\n<script type=\"application\/ld+json\" class=\"yoast-schema-graph\">{\"@context\":\"https:\\\/\\\/schema.org\",\"@graph\":[{\"@type\":\"WebPage\",\"@id\":\"https:\\\/\\\/www.wobcom.de\\\/geschaeftskunden\\\/service-news\\\/verbaende-und-engagement\\\/\",\"url\":\"https:\\\/\\\/www.wobcom.de\\\/geschaeftskunden\\\/service-news\\\/verbaende-und-engagement\\\/\",\"name\":\"Verb\u00e4nde &amp; Engagement - WOBCOM Gesch\u00e4ftskunden\",\"isPartOf\":{\"@id\":\"https:\\\/\\\/www.wobcom.de\\\/geschaeftskunden\\\/#website\"},\"primaryImageOfPage\":{\"@id\":\"https:\\\/\\\/www.wobcom.de\\\/geschaeftskunden\\\/service-news\\\/verbaende-und-engagement\\\/#primaryimage\"},\"image\":{\"@id\":\"https:\\\/\\\/www.wobcom.de\\\/geschaeftskunden\\\/service-news\\\/verbaende-und-engagement\\\/#primaryimage\"},\"thumbnailUrl\":\"https:\\\/\\\/www.wobcom.de\\\/geschaeftskunden\\\/wp-content\\\/uploads\\\/sites\\\/2\\\/elementor\\\/thumbs\\\/Eco-Verband-pmyz8hrmuvsz7adkuvg0rvypfio51qgl6pwi47ndqc.jpg\",\"datePublished\":\"2022-04-06T14:55:31+00:00\",\"dateModified\":\"2022-05-10T13:11:07+00:00\",\"breadcrumb\":{\"@id\":\"https:\\\/\\\/www.wobcom.de\\\/geschaeftskunden\\\/service-news\\\/verbaende-und-engagement\\\/#breadcrumb\"},\"inLanguage\":\"de\",\"potentialAction\":[{\"@type\":\"ReadAction\",\"target\":[\"https:\\\/\\\/www.wobcom.de\\\/geschaeftskunden\\\/service-news\\\/verbaende-und-engagement\\\/\"]}]},{\"@type\":\"ImageObject\",\"inLanguage\":\"de\",\"@id\":\"https:\\\/\\\/www.wobcom.de\\\/geschaeftskunden\\\/service-news\\\/verbaende-und-engagement\\\/#primaryimage\",\"url\":\"https:\\\/\\\/www.wobcom.de\\\/geschaeftskunden\\\/wp-content\\\/uploads\\\/sites\\\/2\\\/elementor\\\/thumbs\\\/Eco-Verband-pmyz8hrmuvsz7adkuvg0rvypfio51qgl6pwi47ndqc.jpg\",\"contentUrl\":\"https:\\\/\\\/www.wobcom.de\\\/geschaeftskunden\\\/wp-content\\\/uploads\\\/sites\\\/2\\\/elementor\\\/thumbs\\\/Eco-Verband-pmyz8hrmuvsz7adkuvg0rvypfio51qgl6pwi47ndqc.jpg\"},{\"@type\":\"BreadcrumbList\",\"@id\":\"https:\\\/\\\/www.wobcom.de\\\/geschaeftskunden\\\/service-news\\\/verbaende-und-engagement\\\/#breadcrumb\",\"itemListElement\":[{\"@type\":\"ListItem\",\"position\":1,\"name\":\"Startseite\",\"item\":\"https:\\\/\\\/www.wobcom.de\\\/geschaeftskunden\\\/\"},{\"@type\":\"ListItem\",\"position\":2,\"name\":\"Service &amp; News\",\"item\":\"https:\\\/\\\/www.wobcom.de\\\/geschaeftskunden\\\/service-news\\\/\"},{\"@type\":\"ListItem\",\"position\":3,\"name\":\"Verb\u00e4nde &amp; Engagement\"}]},{\"@type\":\"WebSite\",\"@id\":\"https:\\\/\\\/www.wobcom.de\\\/geschaeftskunden\\\/#website\",\"url\":\"https:\\\/\\\/www.wobcom.de\\\/geschaeftskunden\\\/\",\"name\":\"WOBCOM Gesch\u00e4ftskunden\",\"description\":\"Telefon und Internet, Mobilfunk, TV f\u00fcr Wolfsburg und die Region\",\"publisher\":{\"@id\":\"https:\\\/\\\/www.wobcom.de\\\/geschaeftskunden\\\/#organization\"},\"potentialAction\":[{\"@type\":\"SearchAction\",\"target\":{\"@type\":\"EntryPoint\",\"urlTemplate\":\"https:\\\/\\\/www.wobcom.de\\\/geschaeftskunden\\\/?s={search_term_string}\"},\"query-input\":{\"@type\":\"PropertyValueSpecification\",\"valueRequired\":true,\"valueName\":\"search_term_string\"}}],\"inLanguage\":\"de\"},{\"@type\":\"Organization\",\"@id\":\"https:\\\/\\\/www.wobcom.de\\\/geschaeftskunden\\\/#organization\",\"name\":\"WOBCOM GmbH\",\"url\":\"https:\\\/\\\/www.wobcom.de\\\/geschaeftskunden\\\/\",\"logo\":{\"@type\":\"ImageObject\",\"inLanguage\":\"de\",\"@id\":\"https:\\\/\\\/www.wobcom.de\\\/geschaeftskunden\\\/#\\\/schema\\\/logo\\\/image\\\/\",\"url\":\"https:\\\/\\\/www.wobcom.de\\\/geschaeftskunden\\\/wp-content\\\/uploads\\\/sites\\\/2\\\/WOBCOM_Logo.svg\",\"contentUrl\":\"https:\\\/\\\/www.wobcom.de\\\/geschaeftskunden\\\/wp-content\\\/uploads\\\/sites\\\/2\\\/WOBCOM_Logo.svg\",\"width\":795,\"height\":831,\"caption\":\"WOBCOM GmbH\"},\"image\":{\"@id\":\"https:\\\/\\\/www.wobcom.de\\\/geschaeftskunden\\\/#\\\/schema\\\/logo\\\/image\\\/\"}}]}<\/script>\n<!-- \/ Yoast SEO plugin. -->","yoast_head_json":{"title":"Verb\u00e4nde &amp; Engagement - WOBCOM Gesch\u00e4ftskunden","robots":{"index":"index","follow":"follow","max-snippet":"max-snippet:-1","max-image-preview":"max-image-preview:large","max-video-preview":"max-video-preview:-1"},"canonical":"https:\/\/www.wobcom.de\/geschaeftskunden\/service-news\/verbaende-und-engagement\/","og_locale":"de_DE","og_type":"article","og_title":"Verb\u00e4nde &amp; Engagement - WOBCOM Gesch\u00e4ftskunden","og_description":"Verb\u00e4nde und Engagement Die WOBCOM ist Mitglied im eco-Verband der Internetwirtschaft e.V. und EUROCloud.\u00a0 Der eco-Verband wurde 1995 gegr\u00fcndet. Seitdem hat er sich zum gr\u00f6\u00dften Verband der Internetwirtschaft in Europa mit \u00fcber 1.000 Mitgliedsunternehmen etabliert. Der Verband beteiligt sich ma\u00dfgeblich an der Entwicklung des Internets in Deutschland. Er gestaltet und f\u00f6rdert neue Technologien, Infrastrukturen und&hellip;","og_url":"https:\/\/www.wobcom.de\/geschaeftskunden\/service-news\/verbaende-und-engagement\/","og_site_name":"WOBCOM Gesch\u00e4ftskunden","article_modified_time":"2022-05-10T13:11:07+00:00","og_image":[{"url":"https:\/\/www.wobcom.de\/geschaeftskunden\/wp-content\/uploads\/sites\/2\/elementor\/thumbs\/Eco-Verband-pmyz8hrmuvsz7adkuvg0rvypfio51qgl6pwi47ndqc.jpg","type":"","width":"","height":""}],"twitter_card":"summary_large_image","twitter_misc":{"Gesch\u00e4tzte Lesezeit":"2\u00a0Minuten"},"schema":{"@context":"https:\/\/schema.org","@graph":[{"@type":"WebPage","@id":"https:\/\/www.wobcom.de\/geschaeftskunden\/service-news\/verbaende-und-engagement\/","url":"https:\/\/www.wobcom.de\/geschaeftskunden\/service-news\/verbaende-und-engagement\/","name":"Verb\u00e4nde &amp; Engagement - WOBCOM Gesch\u00e4ftskunden","isPartOf":{"@id":"https:\/\/www.wobcom.de\/geschaeftskunden\/#website"},"primaryImageOfPage":{"@id":"https:\/\/www.wobcom.de\/geschaeftskunden\/service-news\/verbaende-und-engagement\/#primaryimage"},"image":{"@id":"https:\/\/www.wobcom.de\/geschaeftskunden\/service-news\/verbaende-und-engagement\/#primaryimage"},"thumbnailUrl":"https:\/\/www.wobcom.de\/geschaeftskunden\/wp-content\/uploads\/sites\/2\/elementor\/thumbs\/Eco-Verband-pmyz8hrmuvsz7adkuvg0rvypfio51qgl6pwi47ndqc.jpg","datePublished":"2022-04-06T14:55:31+00:00","dateModified":"2022-05-10T13:11:07+00:00","breadcrumb":{"@id":"https:\/\/www.wobcom.de\/geschaeftskunden\/service-news\/verbaende-und-engagement\/#breadcrumb"},"inLanguage":"de","potentialAction":[{"@type":"ReadAction","target":["https:\/\/www.wobcom.de\/geschaeftskunden\/service-news\/verbaende-und-engagement\/"]}]},{"@type":"ImageObject","inLanguage":"de","@id":"https:\/\/www.wobcom.de\/geschaeftskunden\/service-news\/verbaende-und-engagement\/#primaryimage","url":"https:\/\/www.wobcom.de\/geschaeftskunden\/wp-content\/uploads\/sites\/2\/elementor\/thumbs\/Eco-Verband-pmyz8hrmuvsz7adkuvg0rvypfio51qgl6pwi47ndqc.jpg","contentUrl":"https:\/\/www.wobcom.de\/geschaeftskunden\/wp-content\/uploads\/sites\/2\/elementor\/thumbs\/Eco-Verband-pmyz8hrmuvsz7adkuvg0rvypfio51qgl6pwi47ndqc.jpg"},{"@type":"BreadcrumbList","@id":"https:\/\/www.wobcom.de\/geschaeftskunden\/service-news\/verbaende-und-engagement\/#breadcrumb","itemListElement":[{"@type":"ListItem","position":1,"name":"Startseite","item":"https:\/\/www.wobcom.de\/geschaeftskunden\/"},{"@type":"ListItem","position":2,"name":"Service &amp; News","item":"https:\/\/www.wobcom.de\/geschaeftskunden\/service-news\/"},{"@type":"ListItem","position":3,"name":"Verb\u00e4nde &amp; Engagement"}]},{"@type":"WebSite","@id":"https:\/\/www.wobcom.de\/geschaeftskunden\/#website","url":"https:\/\/www.wobcom.de\/geschaeftskunden\/","name":"WOBCOM Gesch\u00e4ftskunden","description":"Telefon und Internet, Mobilfunk, TV f\u00fcr Wolfsburg und die Region","publisher":{"@id":"https:\/\/www.wobcom.de\/geschaeftskunden\/#organization"},"potentialAction":[{"@type":"SearchAction","target":{"@type":"EntryPoint","urlTemplate":"https:\/\/www.wobcom.de\/geschaeftskunden\/?s={search_term_string}"},"query-input":{"@type":"PropertyValueSpecification","valueRequired":true,"valueName":"search_term_string"}}],"inLanguage":"de"},{"@type":"Organization","@id":"https:\/\/www.wobcom.de\/geschaeftskunden\/#organization","name":"WOBCOM GmbH","url":"https:\/\/www.wobcom.de\/geschaeftskunden\/","logo":{"@type":"ImageObject","inLanguage":"de","@id":"https:\/\/www.wobcom.de\/geschaeftskunden\/#\/schema\/logo\/image\/","url":"https:\/\/www.wobcom.de\/geschaeftskunden\/wp-content\/uploads\/sites\/2\/WOBCOM_Logo.svg","contentUrl":"https:\/\/www.wobcom.de\/geschaeftskunden\/wp-content\/uploads\/sites\/2\/WOBCOM_Logo.svg","width":795,"height":831,"caption":"WOBCOM GmbH"},"image":{"@id":"https:\/\/www.wobcom.de\/geschaeftskunden\/#\/schema\/logo\/image\/"}}]}},"_links":{"self":[{"href":"https:\/\/www.wobcom.de\/geschaeftskunden\/wp-json\/wp\/v2\/pages\/2847","targetHints":{"allow":["GET"]}}],"collection":[{"href":"https:\/\/www.wobcom.de\/geschaeftskunden\/wp-json\/wp\/v2\/pages"}],"about":[{"href":"https:\/\/www.wobcom.de\/geschaeftskunden\/wp-json\/wp\/v2\/types\/page"}],"author":[{"embeddable":true,"href":"https:\/\/www.wobcom.de\/geschaeftskunden\/wp-json\/wp\/v2\/users\/10"}],"replies":[{"embeddable":true,"href":"https:\/\/www.wobcom.de\/geschaeftskunden\/wp-json\/wp\/v2\/comments?post=2847"}],"version-history":[{"count":15,"href":"https:\/\/www.wobcom.de\/geschaeftskunden\/wp-json\/wp\/v2\/pages\/2847\/revisions"}],"predecessor-version":[{"id":2875,"href":"https:\/\/www.wobcom.de\/geschaeftskunden\/wp-json\/wp\/v2\/pages\/2847\/revisions\/2875"}],"up":[{"embeddable":true,"href":"https:\/\/www.wobcom.de\/geschaeftskunden\/wp-json\/wp\/v2\/pages\/36"}],"wp:attachment":[{"href":"https:\/\/www.wobcom.de\/geschaeftskunden\/wp-json\/wp\/v2\/media?parent=2847"}],"curies":[{"name":"wp","href":"https:\/\/api.w.org\/{rel}","templated":true}]}}